{"id":2,"date":"2026-04-07T13:50:08","date_gmt":"2026-04-07T13:50:08","guid":{"rendered":"https:\/\/chanh.ch\/?page_id=2"},"modified":"2026-04-14T19:07:51","modified_gmt":"2026-04-14T17:07:51","slug":"sample-page","status":"publish","type":"page","link":"https:\/\/chanh.ch\/","title":{"rendered":"HOME"},"content":{"rendered":"<div class=\"wp-block-image\">\n<figure class=\"aligncenter size-large is-resized\"><img loading=\"lazy\" decoding=\"async\" width=\"905\" height=\"1024\" src=\"https:\/\/chanh.ch\/wp-content\/uploads\/2026\/04\/Neue-Oeffnungszeiten5-905x1024.png\" alt=\"\" class=\"wp-image-257\" style=\"aspect-ratio:0.8837895426979184;width:392px;height:auto\" srcset=\"https:\/\/chanh.ch\/wp-content\/uploads\/2026\/04\/Neue-Oeffnungszeiten5-905x1024.png 905w, https:\/\/chanh.ch\/wp-content\/uploads\/2026\/04\/Neue-Oeffnungszeiten5-265x300.png 265w, https:\/\/chanh.ch\/wp-content\/uploads\/2026\/04\/Neue-Oeffnungszeiten5-768x869.png 768w, https:\/\/chanh.ch\/wp-content\/uploads\/2026\/04\/Neue-Oeffnungszeiten5-1357x1536.png 1357w, https:\/\/chanh.ch\/wp-content\/uploads\/2026\/04\/Neue-Oeffnungszeiten5-1810x2048.png 1810w, https:\/\/chanh.ch\/wp-content\/uploads\/2026\/04\/Neue-Oeffnungszeiten5.png 1900w\" sizes=\"auto, (max-width: 767px) 89vw, (max-width: 1000px) 54vw, (max-width: 1071px) 543px, 580px\" \/><\/figure>\n<\/div>\n\n<div class=\"wp-block-image\">\n<figure class=\"aligncenter size-large is-resized\"><img loading=\"lazy\" decoding=\"async\" width=\"724\" height=\"1024\" src=\"https:\/\/chanh.ch\/wp-content\/uploads\/2026\/04\/Saisonkarte-KW-16-724x1024.png\" alt=\"\" class=\"wp-image-259\" style=\"aspect-ratio:0.7070316341583347;width:432px;height:auto\" srcset=\"https:\/\/chanh.ch\/wp-content\/uploads\/2026\/04\/Saisonkarte-KW-16-724x1024.png 724w, https:\/\/chanh.ch\/wp-content\/uploads\/2026\/04\/Saisonkarte-KW-16-212x300.png 212w, https:\/\/chanh.ch\/wp-content\/uploads\/2026\/04\/Saisonkarte-KW-16-768x1086.png 768w, https:\/\/chanh.ch\/wp-content\/uploads\/2026\/04\/Saisonkarte-KW-16-1086x1536.png 1086w, https:\/\/chanh.ch\/wp-content\/uploads\/2026\/04\/Saisonkarte-KW-16-1448x2048.png 1448w, https:\/\/chanh.ch\/wp-content\/uploads\/2026\/04\/Saisonkarte-KW-16-scaled.png 1810w\" sizes=\"auto, (max-width: 724px) 100vw, 724px\" \/><\/figure>\n<\/div>\n\n\n<p>Wir sind ein Familienbetrieb mit langj\u00e4hriger Erfahrung in der Gastronomie und bringen unsere Leidenschaft f\u00fcr die vietnamesische und asiatische K\u00fcche seit vielen Jahren auf den Teller.<\/p>\n\n\n\n<p>Du kannst bei uns im H\u00f6rnli in Appenzell vor Ort essen oder Deine Speisen bequem mitnehmen. Ausserdem sind wir regelm\u00e4ssig an verschiedenen Anl\u00e4ssen im Dorf vertreten.<\/p>\n\n\n\n<p>Wir freuen uns auf Deinen Besuch!<\/p>\n\n\n\n<p>Familie Nguyen-Vo<\/p>\n\n\n\n<hr class=\"wp-block-separator has-alpha-channel-opacity\"\/>\n","protected":false},"excerpt":{"rendered":"<p>Wir sind ein Familienbetrieb mit langj\u00e4hriger Erfahrung in der Gastronomie und bringen unsere Leidenschaft f\u00fcr die vietnamesische und asiatische K\u00fcche seit vielen Jahren auf den Teller. Du kannst bei uns im H\u00f6rnli in Appenzell vor Ort essen oder Deine Speisen bequem mitnehmen. Ausserdem sind wir regelm\u00e4ssig an verschiedenen Anl\u00e4ssen im Dorf vertreten. Wir freuen uns &hellip; <\/p>\n<p class=\"link-more\"><a href=\"https:\/\/chanh.ch\/\" class=\"more-link\"><span class=\"screen-reader-text\">\u201eHOME\u201c <\/span>weiterlesen<\/a><\/p>\n","protected":false},"author":1,"featured_media":0,"parent":0,"menu_order":0,"comment_status":"closed","ping_status":"open","template":"","meta":{"footnotes":""},"class_list":["post-2","page","type-page","status-publish","hentry"],"_links":{"self":[{"href":"https:\/\/chanh.ch\/index.php\/wp-json\/wp\/v2\/pages\/2","targetHints":{"allow":["GET"]}}],"collection":[{"href":"https:\/\/chanh.ch\/index.php\/wp-json\/wp\/v2\/pages"}],"about":[{"href":"https:\/\/chanh.ch\/index.php\/wp-json\/wp\/v2\/types\/page"}],"author":[{"embeddable":true,"href":"https:\/\/chanh.ch\/index.php\/wp-json\/wp\/v2\/users\/1"}],"replies":[{"embeddable":true,"href":"https:\/\/chanh.ch\/index.php\/wp-json\/wp\/v2\/comments?post=2"}],"version-history":[{"count":25,"href":"https:\/\/chanh.ch\/index.php\/wp-json\/wp\/v2\/pages\/2\/revisions"}],"predecessor-version":[{"id":261,"href":"https:\/\/chanh.ch\/index.php\/wp-json\/wp\/v2\/pages\/2\/revisions\/261"}],"wp:attachment":[{"href":"https:\/\/chanh.ch\/index.php\/wp-json\/wp\/v2\/media?parent=2"}],"curies":[{"name":"wp","href":"https:\/\/api.w.org\/{rel}","templated":true}]}}