{"id":27,"date":"2026-04-07T16:22:08","date_gmt":"2026-04-07T14:22:08","guid":{"rendered":"https:\/\/chanh.ch\/?page_id=27"},"modified":"2026-04-10T20:38:02","modified_gmt":"2026-04-10T18:38:02","slug":"ueber-uns","status":"publish","type":"page","link":"https:\/\/chanh.ch\/index.php\/ueber-uns\/","title":{"rendered":"\u00dcBER UNS"},"content":{"rendered":"\n<p>Wir sind ein Familienbetrieb mit langj\u00e4hriger Erfahrung in der Gastronomie und bringen unsere Leidenschaft f\u00fcr die vietnamesische und asiatische K\u00fcche seit vielen Jahren auf den Teller.<\/p>\n\n\n\n<p>Du kannst bei uns im H\u00f6rnli in Appenzell vor Ort essen oder Deine Speisen bequem mitnehmen. Ausserdem sind wir regelm\u00e4ssig an verschiedenen Anl\u00e4ssen im Dorf vertreten.<\/p>\n\n\n\n<p>Wir freuen uns auf Deinen Besuch!<\/p>\n\n\n\n<p>Familie Nguyen-Vo<\/p>\n\n\n\n<hr class=\"wp-block-separator has-alpha-channel-opacity\"\/>\n\n\n<div class=\"wp-block-image\">\n<figure class=\"aligncenter size-large is-resized\"><img loading=\"lazy\" decoding=\"async\" width=\"683\" height=\"1024\" src=\"https:\/\/chanh.ch\/wp-content\/uploads\/2026\/04\/IMG_0148-683x1024.jpg\" alt=\"\" class=\"wp-image-129\" style=\"aspect-ratio:0.6669965363681346;width:435px;height:auto\" srcset=\"https:\/\/chanh.ch\/wp-content\/uploads\/2026\/04\/IMG_0148-683x1024.jpg 683w, https:\/\/chanh.ch\/wp-content\/uploads\/2026\/04\/IMG_0148-200x300.jpg 200w, https:\/\/chanh.ch\/wp-content\/uploads\/2026\/04\/IMG_0148-768x1152.jpg 768w, https:\/\/chanh.ch\/wp-content\/uploads\/2026\/04\/IMG_0148-1024x1536.jpg 1024w, https:\/\/chanh.ch\/wp-content\/uploads\/2026\/04\/IMG_0148-1365x2048.jpg 1365w, https:\/\/chanh.ch\/wp-content\/uploads\/2026\/04\/IMG_0148.jpg 1600w\" sizes=\"auto, (max-width: 683px) 100vw, 683px\" \/><\/figure>\n<\/div>\n\n\n<p class=\"has-text-align-center\">Unsere Gerichte werden authentisch und mit viel Liebe zubereitet, ganz wie zu Hause.<br><\/p>\n\n\n\n<p><\/p>\n\n\n<div class=\"wp-block-image\">\n<figure class=\"aligncenter size-large is-resized\"><img loading=\"lazy\" decoding=\"async\" width=\"1024\" height=\"682\" src=\"https:\/\/chanh.ch\/wp-content\/uploads\/2026\/04\/IMG_0147-1024x682.jpg\" alt=\"\" class=\"wp-image-125\" style=\"aspect-ratio:1.5014793414320025;width:486px;height:auto\" srcset=\"https:\/\/chanh.ch\/wp-content\/uploads\/2026\/04\/IMG_0147-1024x682.jpg 1024w, https:\/\/chanh.ch\/wp-content\/uploads\/2026\/04\/IMG_0147-300x200.jpg 300w, https:\/\/chanh.ch\/wp-content\/uploads\/2026\/04\/IMG_0147-768x512.jpg 768w, https:\/\/chanh.ch\/wp-content\/uploads\/2026\/04\/IMG_0147-1536x1023.jpg 1536w, https:\/\/chanh.ch\/wp-content\/uploads\/2026\/04\/IMG_0147.jpg 1600w\" sizes=\"auto, (max-width: 767px) 89vw, (max-width: 1000px) 54vw, (max-width: 1071px) 543px, 580px\" \/><\/figure>\n<\/div>\n\n\n<p><\/p>\n\n\n\n<p class=\"has-text-align-center\">Da unsere K\u00fcche ohnehin schon viele vegane Grundlagen hat, k\u00f6nnen wir dir f\u00fcr zahlreiche Gerichte auch eine vegane Variante anbieten.<\/p>\n\n\n\n<p><\/p>\n\n\n<div class=\"wp-block-image\">\n<figure class=\"aligncenter size-large is-resized\"><img loading=\"lazy\" decoding=\"async\" width=\"1024\" height=\"683\" src=\"https:\/\/chanh.ch\/wp-content\/uploads\/2026\/04\/BeFunky-photo-10-1024x683.jpg\" alt=\"\" class=\"wp-image-127\" style=\"aspect-ratio:1.4992874769733413;width:505px;height:auto\" srcset=\"https:\/\/chanh.ch\/wp-content\/uploads\/2026\/04\/BeFunky-photo-10-1024x683.jpg 1024w, https:\/\/chanh.ch\/wp-content\/uploads\/2026\/04\/BeFunky-photo-10-300x200.jpg 300w, https:\/\/chanh.ch\/wp-content\/uploads\/2026\/04\/BeFunky-photo-10-768x512.jpg 768w, https:\/\/chanh.ch\/wp-content\/uploads\/2026\/04\/BeFunky-photo-10-1536x1024.jpg 1536w, https:\/\/chanh.ch\/wp-content\/uploads\/2026\/04\/BeFunky-photo-10.jpg 1600w\" sizes=\"auto, (max-width: 767px) 89vw, (max-width: 1000px) 54vw, (max-width: 1071px) 543px, 580px\" \/><\/figure>\n<\/div>\n\n\n<p class=\"has-text-align-center\">Am Donnerstag und Freitag kannst du bei uns eines von zwei Mittagsmen\u00fcs w\u00e4hlen, wahlweise mit oder ohne Vorspeise (Salat \/ Suppe)<\/p>\n\n\n\n<hr class=\"wp-block-separator has-alpha-channel-opacity\"\/>\n\n\n\n<p><\/p>\n","protected":false},"excerpt":{"rendered":"<p>Wir sind ein Familienbetrieb mit langj\u00e4hriger Erfahrung in der Gastronomie und bringen unsere Leidenschaft f\u00fcr die vietnamesische und asiatische K\u00fcche seit vielen Jahren auf den Teller. Du kannst bei uns im H\u00f6rnli in Appenzell vor Ort essen oder Deine Speisen bequem mitnehmen. Ausserdem sind wir regelm\u00e4ssig an verschiedenen Anl\u00e4ssen im Dorf vertreten. Wir freuen uns &hellip; <\/p>\n<p class=\"link-more\"><a href=\"https:\/\/chanh.ch\/index.php\/ueber-uns\/\" class=\"more-link\"><span class=\"screen-reader-text\">\u201e\u00dcBER UNS\u201c <\/span>weiterlesen<\/a><\/p>\n","protected":false},"author":1,"featured_media":0,"parent":0,"menu_order":0,"comment_status":"closed","ping_status":"closed","template":"","meta":{"footnotes":""},"class_list":["post-27","page","type-page","status-publish","hentry"],"_links":{"self":[{"href":"https:\/\/chanh.ch\/index.php\/wp-json\/wp\/v2\/pages\/27","targetHints":{"allow":["GET"]}}],"collection":[{"href":"https:\/\/chanh.ch\/index.php\/wp-json\/wp\/v2\/pages"}],"about":[{"href":"https:\/\/chanh.ch\/index.php\/wp-json\/wp\/v2\/types\/page"}],"author":[{"embeddable":true,"href":"https:\/\/chanh.ch\/index.php\/wp-json\/wp\/v2\/users\/1"}],"replies":[{"embeddable":true,"href":"https:\/\/chanh.ch\/index.php\/wp-json\/wp\/v2\/comments?post=27"}],"version-history":[{"count":17,"href":"https:\/\/chanh.ch\/index.php\/wp-json\/wp\/v2\/pages\/27\/revisions"}],"predecessor-version":[{"id":230,"href":"https:\/\/chanh.ch\/index.php\/wp-json\/wp\/v2\/pages\/27\/revisions\/230"}],"wp:attachment":[{"href":"https:\/\/chanh.ch\/index.php\/wp-json\/wp\/v2\/media?parent=27"}],"curies":[{"name":"wp","href":"https:\/\/api.w.org\/{rel}","templated":true}]}}