{"id":28,"date":"2026-04-07T16:22:08","date_gmt":"2026-04-07T14:22:08","guid":{"rendered":"https:\/\/chanh.ch\/?page_id=28"},"modified":"2026-04-13T19:38:45","modified_gmt":"2026-04-13T17:38:45","slug":"kontakt","status":"publish","type":"page","link":"https:\/\/chanh.ch\/index.php\/kontakt\/","title":{"rendered":"KONTAKT"},"content":{"rendered":"\n<h3 class=\"wp-block-heading\">CHANH &#8211; Restaurant &amp; Take Away (H\u00f6rnli)<\/h3>\n\n\n\n<p>Kronengarten 10<br>9050 Appenzell<\/p>\n\n\n\n<p><a href=\"tel:+41717872663\">+41 71 787 26 63<\/a>&nbsp;(DO-SO ab 09:00 Uhr erreichbar)<br><a href=\"mailto:info@chanh.ch\">info@chanh.ch<\/a><\/p>\n\n\n\n<p><mark style=\"background-color:#fcb900\" class=\"has-inline-color has-black-color\">Unsere \u00d6ffnungszeiten ab 16. April 2026<\/mark><\/p>\n\n\n\n<div class=\"wp-block-columns is-layout-flex wp-container-core-columns-is-layout-9d6595d7 wp-block-columns-is-layout-flex\">\n<div class=\"wp-block-column is-layout-flow wp-block-column-is-layout-flow\">\n<p><strong>\u00d6ffnungszeiten<\/strong><br>Donnerstag \u2013 Sonntag<br>11:30 \u2013 14:00 Uhr<br>17:30 \u2013 22:00 Uhr<\/p>\n<\/div>\n\n\n\n<div class=\"wp-block-column is-layout-flow wp-block-column-is-layout-flow\">\n<p><strong>K\u00fcche \u00d6ffnungszeiten<\/strong><br>Donnerstag \u2013 Samstag<br>11:30 \u2013 13:30 Uhr<br>17:30 \u2013 21:00 Uhr<\/p>\n\n\n\n<p>Sonntag<br>11:30 \u2013 13:30 Uhr<br>17:30 \u2013 20:00 Uhr<\/p>\n<\/div>\n<\/div>\n\n\n\n<p>Ruhetage<br>Montag &#8211; Mittwoch<br><\/p>\n\n\n\n<figure class=\"wp-block-image size-full is-resized\"><img loading=\"lazy\" decoding=\"async\" width=\"1024\" height=\"768\" src=\"https:\/\/chanh.ch\/wp-content\/uploads\/2026\/04\/hcmp370757_2342463.jpeg\" alt=\"\" class=\"wp-image-131\" style=\"width:388px;height:auto\" srcset=\"https:\/\/chanh.ch\/wp-content\/uploads\/2026\/04\/hcmp370757_2342463.jpeg 1024w, https:\/\/chanh.ch\/wp-content\/uploads\/2026\/04\/hcmp370757_2342463-300x225.jpeg 300w, https:\/\/chanh.ch\/wp-content\/uploads\/2026\/04\/hcmp370757_2342463-768x576.jpeg 768w\" sizes=\"auto, (max-width: 767px) 89vw, (max-width: 1000px) 54vw, (max-width: 1071px) 543px, 580px\" \/><\/figure>\n\n\n\n<hr class=\"wp-block-separator has-alpha-channel-opacity\"\/>\n","protected":false},"excerpt":{"rendered":"<p>CHANH &#8211; Restaurant &amp; Take Away (H\u00f6rnli) Kronengarten 109050 Appenzell +41 71 787 26 63&nbsp;(DO-SO ab 09:00 Uhr erreichbar)info@chanh.ch Unsere \u00d6ffnungszeiten ab 16. April 2026 \u00d6ffnungszeitenDonnerstag \u2013 Sonntag11:30 \u2013 14:00 Uhr17:30 \u2013 22:00 Uhr K\u00fcche \u00d6ffnungszeitenDonnerstag \u2013 Samstag11:30 \u2013 13:30 Uhr17:30 \u2013 21:00 Uhr Sonntag11:30 \u2013 13:30 Uhr17:30 \u2013 20:00 Uhr RuhetageMontag &#8211; Mittwoch<\/p>\n","protected":false},"author":1,"featured_media":0,"parent":0,"menu_order":0,"comment_status":"closed","ping_status":"closed","template":"","meta":{"footnotes":""},"class_list":["post-28","page","type-page","status-publish","hentry"],"_links":{"self":[{"href":"https:\/\/chanh.ch\/index.php\/wp-json\/wp\/v2\/pages\/28","targetHints":{"allow":["GET"]}}],"collection":[{"href":"https:\/\/chanh.ch\/index.php\/wp-json\/wp\/v2\/pages"}],"about":[{"href":"https:\/\/chanh.ch\/index.php\/wp-json\/wp\/v2\/types\/page"}],"author":[{"embeddable":true,"href":"https:\/\/chanh.ch\/index.php\/wp-json\/wp\/v2\/users\/1"}],"replies":[{"embeddable":true,"href":"https:\/\/chanh.ch\/index.php\/wp-json\/wp\/v2\/comments?post=28"}],"version-history":[{"count":15,"href":"https:\/\/chanh.ch\/index.php\/wp-json\/wp\/v2\/pages\/28\/revisions"}],"predecessor-version":[{"id":254,"href":"https:\/\/chanh.ch\/index.php\/wp-json\/wp\/v2\/pages\/28\/revisions\/254"}],"wp:attachment":[{"href":"https:\/\/chanh.ch\/index.php\/wp-json\/wp\/v2\/media?parent=28"}],"curies":[{"name":"wp","href":"https:\/\/api.w.org\/{rel}","templated":true}]}}